{"id":483,"date":"2021-10-28T13:58:51","date_gmt":"2021-10-28T13:58:51","guid":{"rendered":"https:\/\/www.polyedre.fr\/?page_id=483"},"modified":"2021-10-28T14:11:27","modified_gmt":"2021-10-28T14:11:27","slug":"mentions-legales","status":"publish","type":"page","link":"https:\/\/www.polyedre.fr\/?page_id=483","title":{"rendered":"Mentions l\u00e9gales"},"content":{"rendered":"\t\t<div data-elementor-type=\"wp-page\" data-elementor-id=\"483\" class=\"elementor elementor-483\">\n\t\t\t\t\t\t<section class=\"elementor-section elementor-top-section elementor-element elementor-element-c415c8f elementor-section-boxed elementor-section-height-default elementor-section-height-default\" data-id=\"c415c8f\" data-element_type=\"section\">\n\t\t\t\t\t\t<div class=\"elementor-container elementor-column-gap-default\">\n\t\t\t\t\t<div class=\"elementor-column elementor-col-100 elementor-top-column elementor-element elementor-element-75bdbfe\" data-id=\"75bdbfe\" data-element_type=\"column\">\n\t\t\t<div class=\"elementor-widget-wrap elementor-element-populated\">\n\t\t\t\t\t\t<div class=\"elementor-element elementor-element-f100a08 elementor-widget elementor-widget-text-editor\" data-id=\"f100a08\" data-element_type=\"widget\" data-widget_type=\"text-editor.default\">\n\t\t\t\t<div class=\"elementor-widget-container\">\n\t\t\t\t\t\t\t\t\t<h2><center>Mentions l\u00e9gales<\/center>\n<\/h2><br\/>\nVous \u00eates actuellement sur le site web officiel de POLYEDRE. Pour toute information li\u00e9e \u00e0 son fonctionnement ou son utilisation, vous pouvez \u00e9crire \u00e0 son administrateur : admin@polyedre.fr<br\/>\nCe site a \u00e9t\u00e9 cr\u00e9\u00e9 par POLYEDRE.<br\/><br\/>\n<h5>AVERTISSEMENTS<\/h5><br\/>\nLes informations techniques qui se trouvent sur ce site n\u2019ont qu\u2019une valeur informative et sont susceptibles d\u2019\u00e9voluer en fonction des modifications l\u00e9gislatives et r\u00e9glementaires. Polyedre ne peut \u00eatre tenue responsable de l\u2019interpr\u00e9tation que vous pourriez faire des informations contenues dans ce site.\n<br\/><br\/>\nPour toute anomalie technique constat\u00e9e sur le site, veuillez contacter le webmestre admin@polyedre.fr\n<br\/><br\/>\nTout visiteur du site www.polyedre.fr est consid\u00e9r\u00e9 comme acceptant l\u2019application des lois fran\u00e7aises.\n<br\/><br\/>\nIl appartient \u00e0 l\u2019utilisateur de ce site de prendre toutes les mesures appropri\u00e9es de fa\u00e7on \u00e0 prot\u00e9ger ses propres donn\u00e9es et\/ou logiciels de la contamination par d\u2019\u00e9ventuels virus circulant sur le r\u00e9seau Internet. De mani\u00e8re g\u00e9n\u00e9rale, Polyedre d\u00e9cline toute responsabilit\u00e9 \u00e0 un \u00e9ventuel dommage survenu pendant la consultation du pr\u00e9sent site. Polyedre d\u00e9gage toute responsabilit\u00e9 concernant les liens cr\u00e9\u00e9s par d\u2019autres sites vers ses propres sites. L\u2019existence de tels liens ne peut permettre d\u2019induire que Polyedre cautionne ces sites ou qu\u2019elle en approuve le contenu.\n<br\/><br\/>\nAfin de garantir l\u2019identit\u00e9 et l\u2019int\u00e9grit\u00e9 de son site, Polyedre se r\u00e9serve le droit d\u2019interdire les liens qui ne r\u00e9pondraient pas \u00e0 l\u2019objet dudit site ou qui pourraient porter pr\u00e9judice \u00e0 l\u2019image de la soci\u00e9t\u00e9. Polyedre ne peut \u00eatre tenue responsable du contenu (\u00e9ditoriaux, illustrations &#8230;) des sites vers lesquels ces sites renvoient.\n<br\/><br\/>\n<h5>Droits de Propri\u00e9t\u00e9 Intellectuelle portant sur le site Internet de POLYEDRE<\/h5>\n<br\/><br\/>\nLa structure g\u00e9n\u00e9rale, ainsi que les textes, photos, images et sons composant ce site sont la propri\u00e9t\u00e9 de Polyedre. Toute reproduction, totale ou partielle, de ce site ou d\u2019un ou de plusieurs de ses composants, par quelque proc\u00e9d\u00e9 que ce soit, sans autorisation expresse de Polyedre, est interdite, et constituerait une contrefa\u00e7on sanctionn\u00e9e par les articles L.335-2 et suivants du Code de la propri\u00e9t\u00e9 intellectuelle.\n<br\/><br\/>\nLes informations, pictogrammes, photographies, images, textes, s\u00e9quences vid\u00e9o, anim\u00e9es sonores ou non, et autres documents accessibles sur le pr\u00e9sent site Internet sont objets de droits de propri\u00e9t\u00e9 industrielle et\/ou intellectuelle et sont selon les cas, propri\u00e9t\u00e9 de Polyedre ou de tiers ayant autoris\u00e9 limitativement Polyedre \u00e0 les utiliser. A ce titre, toute reproduction, repr\u00e9sentation, adaptation, traduction et\/ou transformation, partielle ou int\u00e9grale, ou transfert sur un autre site sont interdits. La copie \u00e0 usage priv\u00e9 de ces diff\u00e9rents objets de droits est autoris\u00e9e. Leur reproduction partielle ou int\u00e9grale, sans l\u2019accord pr\u00e9alable et \u00e9crit de Polyedre, est strictement interdit, \u00e0 l\u2019exception de celles r\u00e9alis\u00e9es pour les besoins de la presse.\n<br\/><br\/>\nLes marques de Polyedre figurant sur le site sont des marques d\u00e9pos\u00e9es. Toute reproduction totale ou partielle de ces marques sans autorisation pr\u00e9alable et \u00e9crite de Polyedre est prohib\u00e9e.\n<br\/><br\/>\nLes liens hypertextes externes mis en place dans le cadre du pr\u00e9sent site et les contenus des sites de tiers vers lesquels ils pointent ne sauraient engager la responsabilit\u00e9 de Polyedre.\n<br\/><br\/>\nLes utilisateurs du pr\u00e9sent site sont tenus de respecter la l\u00e9galit\u00e9 et, en particulier, les dispositions de la loi &#8220;Informatique et libert\u00e9s&#8221;, dont la violation est sanctionn\u00e9e p\u00e9nalement.\n<br\/><br\/>\nEn outre, ils doivent s\u2019abstenir, s\u2019agissant des informations auxquelles ils acc\u00e8dent, de toute collecte, captation, d\u00e9formation ou utilisation et, d\u2019une mani\u00e8re g\u00e9n\u00e9rale, de tout acte susceptible de porter atteinte \u00e0 la vie priv\u00e9e ou \u00e0 la r\u00e9putation des personnes.\n<br\/><br\/>\n<h5>Donn\u00e9es personnelles<\/h5>\n<br\/><br\/>\nEn vertu des dispositions de la loi du 6 janvier 1978 pr\u00e9cit\u00e9e, les utilisateurs sont inform\u00e9s qu\u2019ils disposent d\u2019un droit d\u2019acc\u00e8s aux informations nominatives les concernant et d\u2019un droit de rectification. Ces droits peuvent \u00eatre exerc\u00e9s via l\u2019adresse email : admin@polyedre.fr\n<br\/><br\/>\n<h5>R\u00e9alisation du site<\/h5>\n<br\/><br\/>\nPolyedre\n<br\/>\nSiege social &#8211; PARC D&#8217;ACTIVIT\u00c9S DE L&#8217;INQU\u00c9TRIE\n<br\/>\n4 RUE DE LA CAPELLE\n<br\/>\n62280 SAINT-MARTIN-BOULOGNE\n<br\/>\nRCS Calais 351 030 01916 62\n<br\/><br\/>\n\u00a9 POLYDRE 2021. Tous droits r\u00e9serv\u00e9s\t\t\t\t\t\t\t\t<\/div>\n\t\t\t\t<\/div>\n\t\t\t\t\t<\/div>\n\t\t<\/div>\n\t\t\t\t\t<\/div>\n\t\t<\/section>\n\t\t\t\t<\/div>\n\t\t","protected":false},"excerpt":{"rendered":"<p>Mentions l\u00e9gales Vous \u00eates actuellement sur le site web officiel de POLYEDRE. Pour toute information li\u00e9e \u00e0 son fonctionnement ou [&hellip;]<\/p>\n","protected":false},"author":1,"featured_media":0,"parent":0,"menu_order":0,"comment_status":"closed","ping_status":"closed","template":"elementor_header_footer","meta":{"_monsterinsights_skip_tracking":false,"_monsterinsights_sitenote_active":false,"_monsterinsights_sitenote_note":"","_monsterinsights_sitenote_category":0,"footnotes":""},"class_list":["post-483","page","type-page","status-publish","hentry"],"aioseo_notices":[],"_links":{"self":[{"href":"https:\/\/www.polyedre.fr\/index.php?rest_route=\/wp\/v2\/pages\/483","targetHints":{"allow":["GET"]}}],"collection":[{"href":"https:\/\/www.polyedre.fr\/index.php?rest_route=\/wp\/v2\/pages"}],"about":[{"href":"https:\/\/www.polyedre.fr\/index.php?rest_route=\/wp\/v2\/types\/page"}],"author":[{"embeddable":true,"href":"https:\/\/www.polyedre.fr\/index.php?rest_route=\/wp\/v2\/users\/1"}],"replies":[{"embeddable":true,"href":"https:\/\/www.polyedre.fr\/index.php?rest_route=%2Fwp%2Fv2%2Fcomments&post=483"}],"version-history":[{"count":7,"href":"https:\/\/www.polyedre.fr\/index.php?rest_route=\/wp\/v2\/pages\/483\/revisions"}],"predecessor-version":[{"id":491,"href":"https:\/\/www.polyedre.fr\/index.php?rest_route=\/wp\/v2\/pages\/483\/revisions\/491"}],"wp:attachment":[{"href":"https:\/\/www.polyedre.fr\/index.php?rest_route=%2Fwp%2Fv2%2Fmedia&parent=483"}],"curies":[{"name":"wp","href":"https:\/\/api.w.org\/{rel}","templated":true}]}}